{"id":100,"date":"2025-12-04T15:41:19","date_gmt":"2025-12-04T15:41:19","guid":{"rendered":"https:\/\/www.twojepojednanie.pl\/?page_id=100"},"modified":"2025-12-04T15:45:40","modified_gmt":"2025-12-04T15:45:40","slug":"wesprzyj-nas","status":"publish","type":"page","link":"https:\/\/www.twojepojednanie.pl\/index.php\/wesprzyj-nas\/","title":{"rendered":"Wesprzyj nas"},"content":{"rendered":"\n<div class=\"wp-block-cover alignfull\" style=\"margin-top:0px;margin-bottom:0px;padding-top:20px;padding-right:20px;padding-bottom:20px;padding-left:20px;min-height:700px;aspect-ratio:unset;\"><img loading=\"lazy\" decoding=\"async\" width=\"1024\" height=\"768\" class=\"wp-block-cover__image-background wp-image-40 size-large\" alt=\"\" src=\"https:\/\/www.twojepojednanie.pl\/wp-content\/uploads\/2025\/11\/IMG_2338-1024x768.jpg\" style=\"object-position:54% 51%\" data-object-fit=\"cover\" data-object-position=\"54% 51%\" srcset=\"https:\/\/www.twojepojednanie.pl\/wp-content\/uploads\/2025\/11\/IMG_2338-1024x768.jpg 1024w, https:\/\/www.twojepojednanie.pl\/wp-content\/uploads\/2025\/11\/IMG_2338-300x225.jpg 300w, https:\/\/www.twojepojednanie.pl\/wp-content\/uploads\/2025\/11\/IMG_2338-768x576.jpg 768w, https:\/\/www.twojepojednanie.pl\/wp-content\/uploads\/2025\/11\/IMG_2338-1536x1152.jpg 1536w, https:\/\/www.twojepojednanie.pl\/wp-content\/uploads\/2025\/11\/IMG_2338-2048x1536.jpg 2048w\" sizes=\"auto, (max-width: 1024px) 100vw, 1024px\" \/><span aria-hidden=\"true\" class=\"wp-block-cover__background has-body-text-background-color has-background-dim-60 has-background-dim\"><\/span><div class=\"wp-block-cover__inner-container is-layout-flow wp-block-cover-is-layout-flow\">\n<div class=\"wp-block-group has-global-padding is-content-justification-center is-layout-constrained wp-block-group-is-layout-constrained\">\n<div class=\"wp-block-group alignwide is-layout-flow wp-block-group-is-layout-flow\">\n<div class=\"wp-block-group is-layout-flow wp-block-group-is-layout-flow\">\n<div class=\"wp-block-columns is-layout-flex wp-container-core-columns-is-layout-1e964356 wp-block-columns-is-layout-flex\" style=\"margin-top:0;margin-bottom:0;padding-top:0;padding-right:0;padding-bottom:0;padding-left:0;font-size:19px\">\n<div class=\"wp-block-column is-layout-flow wp-block-column-is-layout-flow\" style=\"flex-basis:1000px\">\n<div class=\"wp-block-group has-background has-global-padding is-layout-constrained wp-container-core-group-is-layout-6cf6249f wp-block-group-is-layout-constrained\" style=\"border-radius:30px;background-color:#ffffff66;padding-top:2rem;padding-right:2rem;padding-bottom:2rem;padding-left:2rem\">\n<div class=\"wp-block-group is-nowrap is-layout-flex wp-container-core-group-is-layout-6c531013 wp-block-group-is-layout-flex\">\n<div class=\"wp-block-group has-custom-color-1-background-color has-background has-global-padding is-layout-constrained wp-container-core-group-is-layout-574d6a24 wp-block-group-is-layout-constrained\" style=\"border-radius:10px;padding-top:10px;padding-right:24px;padding-bottom:10px;padding-left:24px\">\n<h4 class=\"wp-block-heading has-white-color has-text-color has-link-color has-rubik-font-family has-body-text-font-size wp-elements-00141989ac9b9c0ed17665cf49575d73\" style=\"font-style:normal;font-weight:500;letter-spacing:2px;line-height:1.2;text-transform:uppercase\">A wszystko co czynicie, z serca czy\u0144cie, jak dla pana, a nie dla ludzi. <br>(list do kolosan 3:23)<\/h4>\n<\/div>\n<\/div>\n\n\n\n<p class=\"has-heading-color has-text-color has-link-color has-medium-font-size wp-elements-9b94821105fd494791cb82ebba7787c8\" style=\"line-height:1.8\"><strong>KO\u015aCI\u00d3\u0141 CHRZE\u015aCIJA\u0143KI POJEDNANIE W \u0141ODZI<\/strong><br>Ul. Gda\u0144ska 80, 90-613 \u0141\u00f3d\u017a<\/p>\n\n\n\n<p class=\"has-black-color has-text-color has-link-color has-medium-font-size wp-elements-dc2809d0232779616a37b7c479fbe4e5\">Nr konta: 58 1140 2004 0000 3702 8525 3472<br><br>Tytu\u0142 przelewu do odliczenia podatkowego: Darowizna na cele kultu religijnego<\/p>\n<\/div>\n<\/div>\n<\/div>\n<\/div>\n<\/div>\n<\/div>\n<\/div><\/div>\n\n\n\n<p><\/p>\n","protected":false},"excerpt":{"rendered":"","protected":false},"author":1,"featured_media":0,"parent":0,"menu_order":0,"comment_status":"closed","ping_status":"closed","template":"","meta":{"footnotes":""},"class_list":["post-100","page","type-page","status-publish","hentry"],"_links":{"self":[{"href":"https:\/\/www.twojepojednanie.pl\/index.php\/wp-json\/wp\/v2\/pages\/100","targetHints":{"allow":["GET"]}}],"collection":[{"href":"https:\/\/www.twojepojednanie.pl\/index.php\/wp-json\/wp\/v2\/pages"}],"about":[{"href":"https:\/\/www.twojepojednanie.pl\/index.php\/wp-json\/wp\/v2\/types\/page"}],"author":[{"embeddable":true,"href":"https:\/\/www.twojepojednanie.pl\/index.php\/wp-json\/wp\/v2\/users\/1"}],"replies":[{"embeddable":true,"href":"https:\/\/www.twojepojednanie.pl\/index.php\/wp-json\/wp\/v2\/comments?post=100"}],"version-history":[{"count":5,"href":"https:\/\/www.twojepojednanie.pl\/index.php\/wp-json\/wp\/v2\/pages\/100\/revisions"}],"predecessor-version":[{"id":111,"href":"https:\/\/www.twojepojednanie.pl\/index.php\/wp-json\/wp\/v2\/pages\/100\/revisions\/111"}],"wp:attachment":[{"href":"https:\/\/www.twojepojednanie.pl\/index.php\/wp-json\/wp\/v2\/media?parent=100"}],"curies":[{"name":"wp","href":"https:\/\/api.w.org\/{rel}","templated":true}]}}